{"id":16,"date":"2021-11-09T16:15:46","date_gmt":"2021-11-09T15:15:46","guid":{"rendered":"https:\/\/sell.glovoapp.com\/it\/?page_id=16"},"modified":"2022-02-28T11:06:35","modified_gmt":"2022-02-28T10:06:35","slug":"for-partners","status":"publish","type":"page","link":"https:\/\/sell.glovoapp.com\/it\/it\/","title":{"rendered":"Glovo For Partners"},"content":{"rendered":"","protected":false},"excerpt":{"rendered":"","protected":false},"author":1,"featured_media":0,"parent":0,"menu_order":0,"comment_status":"closed","ping_status":"closed","template":"front-page.php","meta":[],"acf":[],"yoast_head":"<!-- This site is optimized with the Yoast SEO plugin v19.4 - https:\/\/yoast.com\/wordpress\/plugins\/seo\/ -->\n<title>Glovo per i Partner - Registra la tua attivit\u00e0<\/title>\n<meta name=\"description\" content=\"Hai un\u2019attivit\u00e0? Registrati in pochi passaggi e porta la tua attivit\u00e0 su Glovo. Incrementa le tue vendite e raggiungi pi\u00f9 clienti.\" \/>\n<meta name=\"robots\" content=\"index, follow, max-snippet:-1, max-image-preview:large, max-video-preview:-1\" \/>\n<link rel=\"canonical\" href=\"https:\/\/sell.glovoapp.com\/it\/it\/\" \/>\n<meta property=\"og:locale\" content=\"it_IT\" \/>\n<meta property=\"og:type\" content=\"article\" \/>\n<meta property=\"og:title\" content=\"Glovo per i Partner - Registra la tua attivit\u00e0\" \/>\n<meta property=\"og:description\" content=\"Hai un\u2019attivit\u00e0? Registrati in pochi passaggi e porta la tua attivit\u00e0 su Glovo. Incrementa le tue vendite e raggiungi pi\u00f9 clienti.\" \/>\n<meta property=\"og:url\" content=\"https:\/\/sell.glovoapp.com\/it\/it\/\" \/>\n<meta property=\"og:site_name\" content=\"Italia\" \/>\n<meta property=\"article:modified_time\" content=\"2022-02-28T10:06:35+00:00\" \/>\n<meta property=\"og:image\" content=\"https:\/\/sell-stage-dcfa19ff.s3.eu-west-1.amazonaws.com\/wp-content\/uploads\/sites\/9\/2022\/02\/20122857\/opengraph.png\" \/>\n\t<meta property=\"og:image:width\" content=\"1200\" \/>\n\t<meta property=\"og:image:height\" content=\"630\" \/>\n\t<meta property=\"og:image:type\" content=\"image\/png\" \/>\n<meta name=\"twitter:card\" content=\"summary_large_image\" \/>\n<script type=\"application\/ld+json\" class=\"yoast-schema-graph\">{\"@context\":\"https:\/\/schema.org\",\"@graph\":[{\"@type\":\"Organization\",\"@id\":\"https:\/\/sell.glovoapp.com\/it\/it\/#organization\",\"name\":\"Glovo per i Partner\",\"url\":\"https:\/\/sell.glovoapp.com\/it\/it\/\",\"sameAs\":[],\"logo\":{\"@type\":\"ImageObject\",\"inLanguage\":\"it-IT\",\"@id\":\"https:\/\/sell.glovoapp.com\/it\/it\/#\/schema\/logo\/image\/\",\"url\":\"https:\/\/sell.glovoapp.com\/it\/wp-content\/uploads\/sites\/9\/2021\/09\/logo.png\",\"contentUrl\":\"https:\/\/sell.glovoapp.com\/it\/wp-content\/uploads\/sites\/9\/2021\/09\/logo.png\",\"width\":283,\"height\":45,\"caption\":\"Glovo per i Partner\"},\"image\":{\"@id\":\"https:\/\/sell.glovoapp.com\/it\/it\/#\/schema\/logo\/image\/\"}},{\"@type\":\"WebSite\",\"@id\":\"https:\/\/sell.glovoapp.com\/it\/it\/#website\",\"url\":\"https:\/\/sell.glovoapp.com\/it\/it\/\",\"name\":\"Italia\",\"description\":\"Glovo Local\",\"publisher\":{\"@id\":\"https:\/\/sell.glovoapp.com\/it\/it\/#organization\"},\"potentialAction\":[{\"@type\":\"SearchAction\",\"target\":{\"@type\":\"EntryPoint\",\"urlTemplate\":\"https:\/\/sell.glovoapp.com\/it\/it\/?s={search_term_string}\"},\"query-input\":\"required name=search_term_string\"}],\"inLanguage\":\"it-IT\"},{\"@type\":\"WebPage\",\"@id\":\"https:\/\/sell.glovoapp.com\/it\/it\/\",\"url\":\"https:\/\/sell.glovoapp.com\/it\/it\/\",\"name\":\"Glovo per i Partner - Registra la tua attivit\u00e0\",\"isPartOf\":{\"@id\":\"https:\/\/sell.glovoapp.com\/it\/it\/#website\"},\"datePublished\":\"2021-11-09T15:15:46+00:00\",\"dateModified\":\"2022-02-28T10:06:35+00:00\",\"description\":\"Hai un\u2019attivit\u00e0? Registrati in pochi passaggi e porta la tua attivit\u00e0 su Glovo. Incrementa le tue vendite e raggiungi pi\u00f9 clienti.\",\"breadcrumb\":{\"@id\":\"https:\/\/sell.glovoapp.com\/it\/it\/#breadcrumb\"},\"inLanguage\":\"it-IT\",\"potentialAction\":[{\"@type\":\"ReadAction\",\"target\":[\"https:\/\/sell.glovoapp.com\/it\/it\/\"]}]},{\"@type\":\"BreadcrumbList\",\"@id\":\"https:\/\/sell.glovoapp.com\/it\/it\/#breadcrumb\",\"itemListElement\":[{\"@type\":\"ListItem\",\"position\":1,\"name\":\"Portada\",\"item\":\"https:\/\/sell.glovoapp.com\/it\/it\/\"},{\"@type\":\"ListItem\",\"position\":2,\"name\":\"Glovo For Partners\"}]}]}<\/script>\n<!-- \/ Yoast SEO plugin. -->","yoast_head_json":{"title":"Glovo per i Partner - Registra la tua attivit\u00e0","description":"Hai un\u2019attivit\u00e0? Registrati in pochi passaggi e porta la tua attivit\u00e0 su Glovo. Incrementa le tue vendite e raggiungi pi\u00f9 clienti.","robots":{"index":"index","follow":"follow","max-snippet":"max-snippet:-1","max-image-preview":"max-image-preview:large","max-video-preview":"max-video-preview:-1"},"canonical":"https:\/\/sell.glovoapp.com\/it\/it\/","og_locale":"it_IT","og_type":"article","og_title":"Glovo per i Partner - Registra la tua attivit\u00e0","og_description":"Hai un\u2019attivit\u00e0? Registrati in pochi passaggi e porta la tua attivit\u00e0 su Glovo. Incrementa le tue vendite e raggiungi pi\u00f9 clienti.","og_url":"https:\/\/sell.glovoapp.com\/it\/it\/","og_site_name":"Italia","article_modified_time":"2022-02-28T10:06:35+00:00","og_image":[{"width":1200,"height":630,"url":"https:\/\/sell-stage-dcfa19ff.s3.eu-west-1.amazonaws.com\/wp-content\/uploads\/sites\/9\/2022\/02\/20122857\/opengraph.png","type":"image\/png"}],"twitter_card":"summary_large_image","schema":{"@context":"https:\/\/schema.org","@graph":[{"@type":"Organization","@id":"https:\/\/sell.glovoapp.com\/it\/it\/#organization","name":"Glovo per i Partner","url":"https:\/\/sell.glovoapp.com\/it\/it\/","sameAs":[],"logo":{"@type":"ImageObject","inLanguage":"it-IT","@id":"https:\/\/sell.glovoapp.com\/it\/it\/#\/schema\/logo\/image\/","url":"https:\/\/sell.glovoapp.com\/it\/wp-content\/uploads\/sites\/9\/2021\/09\/logo.png","contentUrl":"https:\/\/sell.glovoapp.com\/it\/wp-content\/uploads\/sites\/9\/2021\/09\/logo.png","width":283,"height":45,"caption":"Glovo per i Partner"},"image":{"@id":"https:\/\/sell.glovoapp.com\/it\/it\/#\/schema\/logo\/image\/"}},{"@type":"WebSite","@id":"https:\/\/sell.glovoapp.com\/it\/it\/#website","url":"https:\/\/sell.glovoapp.com\/it\/it\/","name":"Italia","description":"Glovo Local","publisher":{"@id":"https:\/\/sell.glovoapp.com\/it\/it\/#organization"},"potentialAction":[{"@type":"SearchAction","target":{"@type":"EntryPoint","urlTemplate":"https:\/\/sell.glovoapp.com\/it\/it\/?s={search_term_string}"},"query-input":"required name=search_term_string"}],"inLanguage":"it-IT"},{"@type":"WebPage","@id":"https:\/\/sell.glovoapp.com\/it\/it\/","url":"https:\/\/sell.glovoapp.com\/it\/it\/","name":"Glovo per i Partner - Registra la tua attivit\u00e0","isPartOf":{"@id":"https:\/\/sell.glovoapp.com\/it\/it\/#website"},"datePublished":"2021-11-09T15:15:46+00:00","dateModified":"2022-02-28T10:06:35+00:00","description":"Hai un\u2019attivit\u00e0? Registrati in pochi passaggi e porta la tua attivit\u00e0 su Glovo. Incrementa le tue vendite e raggiungi pi\u00f9 clienti.","breadcrumb":{"@id":"https:\/\/sell.glovoapp.com\/it\/it\/#breadcrumb"},"inLanguage":"it-IT","potentialAction":[{"@type":"ReadAction","target":["https:\/\/sell.glovoapp.com\/it\/it\/"]}]},{"@type":"BreadcrumbList","@id":"https:\/\/sell.glovoapp.com\/it\/it\/#breadcrumb","itemListElement":[{"@type":"ListItem","position":1,"name":"Portada","item":"https:\/\/sell.glovoapp.com\/it\/it\/"},{"@type":"ListItem","position":2,"name":"Glovo For Partners"}]}]}},"_links":{"self":[{"href":"https:\/\/sell.glovoapp.com\/it\/it\/wp-json\/wp\/v2\/pages\/16"}],"collection":[{"href":"https:\/\/sell.glovoapp.com\/it\/it\/wp-json\/wp\/v2\/pages"}],"about":[{"href":"https:\/\/sell.glovoapp.com\/it\/it\/wp-json\/wp\/v2\/types\/page"}],"author":[{"embeddable":true,"href":"https:\/\/sell.glovoapp.com\/it\/it\/wp-json\/wp\/v2\/users\/1"}],"replies":[{"embeddable":true,"href":"https:\/\/sell.glovoapp.com\/it\/it\/wp-json\/wp\/v2\/comments?post=16"}],"version-history":[{"count":1,"href":"https:\/\/sell.glovoapp.com\/it\/it\/wp-json\/wp\/v2\/pages\/16\/revisions"}],"predecessor-version":[{"id":17,"href":"https:\/\/sell.glovoapp.com\/it\/it\/wp-json\/wp\/v2\/pages\/16\/revisions\/17"}],"wp:attachment":[{"href":"https:\/\/sell.glovoapp.com\/it\/it\/wp-json\/wp\/v2\/media?parent=16"}],"curies":[{"name":"wp","href":"https:\/\/api.w.org\/{rel}","templated":true}]}}