{"id":16,"date":"2021-11-09T16:15:46","date_gmt":"2021-11-09T15:15:46","guid":{"rendered":"https:\/\/sell.glovoapp.com\/rs\/?page_id=16"},"modified":"2022-02-28T11:13:10","modified_gmt":"2022-02-28T10:13:10","slug":"for-partners","status":"publish","type":"page","link":"https:\/\/sell.glovoapp.com\/rs\/sr\/","title":{"rendered":"Glovo For Partners"},"content":{"rendered":"","protected":false},"excerpt":{"rendered":"","protected":false},"author":1,"featured_media":0,"parent":0,"menu_order":0,"comment_status":"closed","ping_status":"closed","template":"front-page.php","meta":[],"acf":[],"yoast_head":"<!-- This site is optimized with the Yoast SEO plugin v19.4 - https:\/\/yoast.com\/wordpress\/plugins\/seo\/ -->\n<title>Glovo za partnere \u2013 registrujte preduze\u0107e<\/title>\n<meta name=\"description\" content=\"Imate preduze\u0107e? Registrujte se u par jednostavnih koraka i pridru\u017eite se Glovu. Pove\u0107ajte prodaju i dosegnite vi\u0161e klijenata.\" \/>\n<meta name=\"robots\" content=\"index, follow, max-snippet:-1, max-image-preview:large, max-video-preview:-1\" \/>\n<link rel=\"canonical\" href=\"https:\/\/sell.glovoapp.com\/rs\/sr\/\" \/>\n<meta property=\"og:locale\" content=\"sr_RS\" \/>\n<meta property=\"og:type\" content=\"article\" \/>\n<meta property=\"og:title\" content=\"Glovo za partnere \u2013 registrujte preduze\u0107e\" \/>\n<meta property=\"og:description\" content=\"Imate preduze\u0107e? Registrujte se u par jednostavnih koraka i pridru\u017eite se Glovu. Pove\u0107ajte prodaju i dosegnite vi\u0161e klijenata.\" \/>\n<meta property=\"og:url\" content=\"https:\/\/sell.glovoapp.com\/rs\/sr\/\" \/>\n<meta property=\"og:site_name\" content=\"Srbija\" \/>\n<meta property=\"article:modified_time\" content=\"2022-02-28T10:13:10+00:00\" \/>\n<meta property=\"og:image\" content=\"https:\/\/sell-stage-dcfa19ff.s3.eu-west-1.amazonaws.com\/wp-content\/uploads\/sites\/15\/2022\/02\/20123024\/opengraph.png\" \/>\n\t<meta property=\"og:image:width\" content=\"1199\" \/>\n\t<meta property=\"og:image:height\" content=\"800\" \/>\n\t<meta property=\"og:image:type\" content=\"image\/png\" \/>\n<meta name=\"twitter:card\" content=\"summary_large_image\" \/>\n<script type=\"application\/ld+json\" class=\"yoast-schema-graph\">{\"@context\":\"https:\/\/schema.org\",\"@graph\":[{\"@type\":\"Organization\",\"@id\":\"https:\/\/sell.glovoapp.com\/rs\/sr\/#organization\",\"name\":\"Glovo za partnere\",\"url\":\"https:\/\/sell.glovoapp.com\/rs\/sr\/\",\"sameAs\":[],\"logo\":{\"@type\":\"ImageObject\",\"inLanguage\":\"sr-RS\",\"@id\":\"https:\/\/sell.glovoapp.com\/rs\/sr\/#\/schema\/logo\/image\/\",\"url\":\"https:\/\/sell.glovoapp.com\/rs\/wp-content\/uploads\/sites\/15\/2021\/09\/logo.png\",\"contentUrl\":\"https:\/\/sell.glovoapp.com\/rs\/wp-content\/uploads\/sites\/15\/2021\/09\/logo.png\",\"width\":283,\"height\":45,\"caption\":\"Glovo za partnere\"},\"image\":{\"@id\":\"https:\/\/sell.glovoapp.com\/rs\/sr\/#\/schema\/logo\/image\/\"}},{\"@type\":\"WebSite\",\"@id\":\"https:\/\/sell.glovoapp.com\/rs\/sr\/#website\",\"url\":\"https:\/\/sell.glovoapp.com\/rs\/sr\/\",\"name\":\"Srbija\",\"description\":\"Glovo Local\",\"publisher\":{\"@id\":\"https:\/\/sell.glovoapp.com\/rs\/sr\/#organization\"},\"potentialAction\":[{\"@type\":\"SearchAction\",\"target\":{\"@type\":\"EntryPoint\",\"urlTemplate\":\"https:\/\/sell.glovoapp.com\/rs\/sr\/?s={search_term_string}\"},\"query-input\":\"required name=search_term_string\"}],\"inLanguage\":\"sr-RS\"},{\"@type\":\"WebPage\",\"@id\":\"https:\/\/sell.glovoapp.com\/rs\/sr\/\",\"url\":\"https:\/\/sell.glovoapp.com\/rs\/sr\/\",\"name\":\"Glovo za partnere \u2013 registrujte preduze\u0107e\",\"isPartOf\":{\"@id\":\"https:\/\/sell.glovoapp.com\/rs\/sr\/#website\"},\"datePublished\":\"2021-11-09T15:15:46+00:00\",\"dateModified\":\"2022-02-28T10:13:10+00:00\",\"description\":\"Imate preduze\u0107e? Registrujte se u par jednostavnih koraka i pridru\u017eite se Glovu. Pove\u0107ajte prodaju i dosegnite vi\u0161e klijenata.\",\"breadcrumb\":{\"@id\":\"https:\/\/sell.glovoapp.com\/rs\/sr\/#breadcrumb\"},\"inLanguage\":\"sr-RS\",\"potentialAction\":[{\"@type\":\"ReadAction\",\"target\":[\"https:\/\/sell.glovoapp.com\/rs\/sr\/\"]}]},{\"@type\":\"BreadcrumbList\",\"@id\":\"https:\/\/sell.glovoapp.com\/rs\/sr\/#breadcrumb\",\"itemListElement\":[{\"@type\":\"ListItem\",\"position\":1,\"name\":\"Portada\",\"item\":\"https:\/\/sell.glovoapp.com\/rs\/sr\/\"},{\"@type\":\"ListItem\",\"position\":2,\"name\":\"Glovo For Partners\"}]}]}<\/script>\n<!-- \/ Yoast SEO plugin. -->","yoast_head_json":{"title":"Glovo za partnere \u2013 registrujte preduze\u0107e","description":"Imate preduze\u0107e? Registrujte se u par jednostavnih koraka i pridru\u017eite se Glovu. Pove\u0107ajte prodaju i dosegnite vi\u0161e klijenata.","robots":{"index":"index","follow":"follow","max-snippet":"max-snippet:-1","max-image-preview":"max-image-preview:large","max-video-preview":"max-video-preview:-1"},"canonical":"https:\/\/sell.glovoapp.com\/rs\/sr\/","og_locale":"sr_RS","og_type":"article","og_title":"Glovo za partnere \u2013 registrujte preduze\u0107e","og_description":"Imate preduze\u0107e? Registrujte se u par jednostavnih koraka i pridru\u017eite se Glovu. Pove\u0107ajte prodaju i dosegnite vi\u0161e klijenata.","og_url":"https:\/\/sell.glovoapp.com\/rs\/sr\/","og_site_name":"Srbija","article_modified_time":"2022-02-28T10:13:10+00:00","og_image":[{"width":1199,"height":800,"url":"https:\/\/sell-stage-dcfa19ff.s3.eu-west-1.amazonaws.com\/wp-content\/uploads\/sites\/15\/2022\/02\/20123024\/opengraph.png","type":"image\/png"}],"twitter_card":"summary_large_image","schema":{"@context":"https:\/\/schema.org","@graph":[{"@type":"Organization","@id":"https:\/\/sell.glovoapp.com\/rs\/sr\/#organization","name":"Glovo za partnere","url":"https:\/\/sell.glovoapp.com\/rs\/sr\/","sameAs":[],"logo":{"@type":"ImageObject","inLanguage":"sr-RS","@id":"https:\/\/sell.glovoapp.com\/rs\/sr\/#\/schema\/logo\/image\/","url":"https:\/\/sell.glovoapp.com\/rs\/wp-content\/uploads\/sites\/15\/2021\/09\/logo.png","contentUrl":"https:\/\/sell.glovoapp.com\/rs\/wp-content\/uploads\/sites\/15\/2021\/09\/logo.png","width":283,"height":45,"caption":"Glovo za partnere"},"image":{"@id":"https:\/\/sell.glovoapp.com\/rs\/sr\/#\/schema\/logo\/image\/"}},{"@type":"WebSite","@id":"https:\/\/sell.glovoapp.com\/rs\/sr\/#website","url":"https:\/\/sell.glovoapp.com\/rs\/sr\/","name":"Srbija","description":"Glovo Local","publisher":{"@id":"https:\/\/sell.glovoapp.com\/rs\/sr\/#organization"},"potentialAction":[{"@type":"SearchAction","target":{"@type":"EntryPoint","urlTemplate":"https:\/\/sell.glovoapp.com\/rs\/sr\/?s={search_term_string}"},"query-input":"required name=search_term_string"}],"inLanguage":"sr-RS"},{"@type":"WebPage","@id":"https:\/\/sell.glovoapp.com\/rs\/sr\/","url":"https:\/\/sell.glovoapp.com\/rs\/sr\/","name":"Glovo za partnere \u2013 registrujte preduze\u0107e","isPartOf":{"@id":"https:\/\/sell.glovoapp.com\/rs\/sr\/#website"},"datePublished":"2021-11-09T15:15:46+00:00","dateModified":"2022-02-28T10:13:10+00:00","description":"Imate preduze\u0107e? Registrujte se u par jednostavnih koraka i pridru\u017eite se Glovu. Pove\u0107ajte prodaju i dosegnite vi\u0161e klijenata.","breadcrumb":{"@id":"https:\/\/sell.glovoapp.com\/rs\/sr\/#breadcrumb"},"inLanguage":"sr-RS","potentialAction":[{"@type":"ReadAction","target":["https:\/\/sell.glovoapp.com\/rs\/sr\/"]}]},{"@type":"BreadcrumbList","@id":"https:\/\/sell.glovoapp.com\/rs\/sr\/#breadcrumb","itemListElement":[{"@type":"ListItem","position":1,"name":"Portada","item":"https:\/\/sell.glovoapp.com\/rs\/sr\/"},{"@type":"ListItem","position":2,"name":"Glovo For Partners"}]}]}},"_links":{"self":[{"href":"https:\/\/sell.glovoapp.com\/rs\/sr\/wp-json\/wp\/v2\/pages\/16"}],"collection":[{"href":"https:\/\/sell.glovoapp.com\/rs\/sr\/wp-json\/wp\/v2\/pages"}],"about":[{"href":"https:\/\/sell.glovoapp.com\/rs\/sr\/wp-json\/wp\/v2\/types\/page"}],"author":[{"embeddable":true,"href":"https:\/\/sell.glovoapp.com\/rs\/sr\/wp-json\/wp\/v2\/users\/1"}],"replies":[{"embeddable":true,"href":"https:\/\/sell.glovoapp.com\/rs\/sr\/wp-json\/wp\/v2\/comments?post=16"}],"version-history":[{"count":1,"href":"https:\/\/sell.glovoapp.com\/rs\/sr\/wp-json\/wp\/v2\/pages\/16\/revisions"}],"predecessor-version":[{"id":17,"href":"https:\/\/sell.glovoapp.com\/rs\/sr\/wp-json\/wp\/v2\/pages\/16\/revisions\/17"}],"wp:attachment":[{"href":"https:\/\/sell.glovoapp.com\/rs\/sr\/wp-json\/wp\/v2\/media?parent=16"}],"curies":[{"name":"wp","href":"https:\/\/api.w.org\/{rel}","templated":true}]}}